{"id":4309,"date":"2022-02-11T09:36:32","date_gmt":"2022-02-11T09:36:32","guid":{"rendered":"http:\/\/185.172.60.128\/webs\/wordpress\/kubo2\/proyectos-internacionales\/"},"modified":"2022-03-09T09:33:40","modified_gmt":"2022-03-09T09:33:40","slug":"proyectos-internacionales","status":"publish","type":"page","link":"https:\/\/kuboarquitectosestudio.es\/en\/proyectos-internacionales\/","title":{"rendered":"Proyectos Internacionales"},"content":{"rendered":"\t\t<div data-elementor-type=\"wp-page\" data-elementor-id=\"4309\" class=\"elementor elementor-4309 elementor-3158\" data-elementor-post-type=\"page\">\n\t\t\t\t\t\t<section class=\"elementor-section elementor-top-section elementor-element elementor-element-0a67d03 elementor-section-boxed elementor-section-height-default elementor-section-height-default\" data-id=\"0a67d03\" data-element_type=\"section\" data-e-type=\"section\">\n\t\t\t\t\t\t<div class=\"elementor-container elementor-column-gap-default\">\n\t\t\t\t\t<div class=\"elementor-column elementor-col-100 elementor-top-column elementor-element elementor-element-8784f61\" data-id=\"8784f61\" data-element_type=\"column\" data-e-type=\"column\">\n\t\t\t<div class=\"elementor-widget-wrap elementor-element-populated\">\n\t\t\t\t\t\t<div class=\"elementor-element elementor-element-6219d23 elementor-widget elementor-widget-heading\" data-id=\"6219d23\" data-element_type=\"widget\" data-e-type=\"widget\" data-widget_type=\"heading.default\">\n\t\t\t\t<div class=\"elementor-widget-container\">\n\t\t\t\t\t<h1 class=\"elementor-heading-title elementor-size-default\">Projects<\/h1>\t\t\t\t<\/div>\n\t\t\t\t<\/div>\n\t\t\t\t<div class=\"elementor-element elementor-element-733c5b7 elementor-nav-menu--dropdown-tablet elementor-nav-menu__text-align-aside elementor-nav-menu--toggle elementor-nav-menu--burger elementor-widget elementor-widget-nav-menu\" data-id=\"733c5b7\" data-element_type=\"widget\" data-e-type=\"widget\" data-settings=\"{&quot;layout&quot;:&quot;horizontal&quot;,&quot;submenu_icon&quot;:{&quot;value&quot;:&quot;&lt;i class=\\&quot;fas fa-caret-down\\&quot; aria-hidden=\\&quot;true\\&quot;&gt;&lt;\\\/i&gt;&quot;,&quot;library&quot;:&quot;fa-solid&quot;},&quot;toggle&quot;:&quot;burger&quot;}\" data-widget_type=\"nav-menu.default\">\n\t\t\t\t<div class=\"elementor-widget-container\">\n\t\t\t\t\t\t\t\t<nav aria-label=\"Menu\" class=\"elementor-nav-menu--main elementor-nav-menu__container elementor-nav-menu--layout-horizontal e--pointer-underline e--animation-fade\">\r\n\t\t\t\t<ul id=\"menu-1-733c5b7\" class=\"elementor-nav-menu\"><li class=\"menu-item menu-item-type-post_type menu-item-object-page menu-item-2289\"><a href=\"https:\/\/kuboarquitectosestudio.es\/unifamiliares\/\" class=\"elementor-item\">Single family<\/a><\/li>\n<li class=\"menu-item menu-item-type-post_type menu-item-object-page menu-item-2268\"><a href=\"https:\/\/kuboarquitectosestudio.es\/residenciales\/\" class=\"elementor-item\">Residential<\/a><\/li>\n<li class=\"menu-item menu-item-type-post_type menu-item-object-page menu-item-2286\"><a href=\"https:\/\/kuboarquitectosestudio.es\/hotelero-e-industrial\/\" class=\"elementor-item\">Hotel and Industrial<\/a><\/li>\n<li class=\"menu-item menu-item-type-post_type menu-item-object-page menu-item-3163\"><a href=\"https:\/\/kuboarquitectosestudio.es\/proyectos-internacionales\/\" class=\"elementor-item\">Proyectos Internacionales<\/a><\/li>\n<\/ul>\t\t\t<\/nav>\r\n\t\t\t\t\t<div class=\"elementor-menu-toggle\" role=\"button\" tabindex=\"0\" aria-label=\"Menu Toggle\" aria-expanded=\"false\">\r\n\t\t\t<i aria-hidden=\"true\" role=\"presentation\" class=\"elementor-menu-toggle__icon--open eicon-menu-bar\"><\/i><i aria-hidden=\"true\" role=\"presentation\" class=\"elementor-menu-toggle__icon--close eicon-close\"><\/i>\t\t<\/div>\r\n\t\t\t\t\t<nav class=\"elementor-nav-menu--dropdown elementor-nav-menu__container\" aria-hidden=\"true\">\r\n\t\t\t\t<ul id=\"menu-2-733c5b7\" class=\"elementor-nav-menu\"><li class=\"menu-item menu-item-type-post_type menu-item-object-page menu-item-2289\"><a href=\"https:\/\/kuboarquitectosestudio.es\/unifamiliares\/\" class=\"elementor-item\" tabindex=\"-1\">Single family<\/a><\/li>\n<li class=\"menu-item menu-item-type-post_type menu-item-object-page menu-item-2268\"><a href=\"https:\/\/kuboarquitectosestudio.es\/residenciales\/\" class=\"elementor-item\" tabindex=\"-1\">Residential<\/a><\/li>\n<li class=\"menu-item menu-item-type-post_type menu-item-object-page menu-item-2286\"><a href=\"https:\/\/kuboarquitectosestudio.es\/hotelero-e-industrial\/\" class=\"elementor-item\" tabindex=\"-1\">Hotel and Industrial<\/a><\/li>\n<li class=\"menu-item menu-item-type-post_type menu-item-object-page menu-item-3163\"><a href=\"https:\/\/kuboarquitectosestudio.es\/proyectos-internacionales\/\" class=\"elementor-item\" tabindex=\"-1\">Proyectos Internacionales<\/a><\/li>\n<\/ul>\t\t\t<\/nav>\r\n\t\t\t\t\t\t<\/div>\n\t\t\t\t<\/div>\n\t\t\t\t<div class=\"elementor-element elementor-element-09a1db7 elementor-widget elementor-widget-mfn_portfolio\" data-id=\"09a1db7\" data-element_type=\"widget\" data-e-type=\"widget\" data-widget_type=\"mfn_portfolio.default\">\n\t\t\t\t<div class=\"elementor-widget-container\">\n\t\t\t\t\t<div class=\"column_filters\"><div class=\"portfolio_wrapper isotope_wrapper  greyscale\"><ul class=\"portfolio_group lm_wrapper isotope col-3 grid\"><li class=\"portfolio-item isotope-item category-international-projects  has-thumbnail\"><div class=\"portfolio-item-fw-bg\" style=\"\"><div class=\"portfolio-item-fill\"><\/div><div class=\"list_style_header\"><h3 class=\"entry-title\" itemprop=\"headline\"><a class=\"link\" href=\"https:\/\/kuboarquitectosestudio.es\/en\/proyecto\/colombia-casa-manuelita-saenz\/\">COLOMBIA &#8211; CASA MANUELITA S\u00c1ENZ<\/a><\/h3><div class=\"links_wrapper\"><a href=\"#\" class=\"button the-icon portfolio_prev_js\"><span class=\"button_icon\"><i class=\"icon-up-open\"><\/i><\/span><\/a><a href=\"#\" class=\"button the-icon portfolio_next_js\"><span class=\"button_icon\"><i class=\"icon-down-open\"><\/i><\/span><\/a><a href=\"https:\/\/kuboarquitectosestudio.es\/en\/proyecto\/colombia-casa-manuelita-saenz\/\" class=\"button button_theme has-icon\"><span class=\"button_icon\"><i class=\"icon-link\"><\/i><\/span><span class=\"button_label\">Leer m\u00e1s<\/span><\/a><\/div><\/div><div class=\"image_frame scale-with-grid\"><div class=\"image_wrapper\"><a href=\"https:\/\/kuboarquitectosestudio.es\/en\/proyecto\/colombia-casa-manuelita-saenz\/\"><div class=\"mask\"><\/div><img fetchpriority=\"high\" decoding=\"async\" width=\"960\" height=\"720\" src=\"https:\/\/kuboarquitectosestudio.es\/wp-content\/uploads\/2022\/02\/MANUELITA-SAENZ-01-960x720.jpg\" class=\"scale-with-grid wp-post-image\" alt=\"MANUELITA SAENZ\" \/><\/a><div class=\"image_links double\"><a href=\"https:\/\/kuboarquitectosestudio.es\/wp-content\/uploads\/2022\/02\/MANUELITA-SAENZ-01-1024x576.jpg\" class=\"zoom\" rel=\"prettyphoto\"><i class=\"icon-search\"><\/i><\/a><a href=\"https:\/\/kuboarquitectosestudio.es\/en\/proyecto\/colombia-casa-manuelita-saenz\/\" class=\"link\"><i class=\"icon-link\"><\/i><\/a><\/div><\/div><\/div><div class=\"desc\"><div class=\"title_wrapper\"><h5 class=\"entry-title\" itemprop=\"headline\"><a class=\"link\" href=\"https:\/\/kuboarquitectosestudio.es\/en\/proyecto\/colombia-casa-manuelita-saenz\/\">COLOMBIA &#8211; CASA MANUELITA S\u00c1ENZ<\/a><\/h5><div class=\"button-love\"><\/div><\/div><div class=\"details-wrapper\"><dl><\/dl><\/div><div class=\"desc-wrapper\">COLOMBIA \u2013 CASA MANUELITA S\u00c1ENZ Location: Bogot\u00e1 (Colombia)Project Date: &#8211;Surface: 809,16 m2 Status: CompletadoTypology: Detached Single Family Home Budget: 1.213.740 \u20ac (1.500,00 \u20ac\/m2) KUBO System: K3<span class=\"excerpt-hellip\"> [\u2026]<\/span><\/div><\/div><\/div><\/li><li class=\"portfolio-item isotope-item category-international-projects  has-thumbnail\"><div class=\"portfolio-item-fw-bg\" style=\"\"><div class=\"portfolio-item-fill\"><\/div><div class=\"list_style_header\"><h3 class=\"entry-title\" itemprop=\"headline\"><a class=\"link\" href=\"https:\/\/kuboarquitectosestudio.es\/en\/proyecto\/oman-majaw-warehouse\/\">OM\u00c1N &#8211; MAJAW WAREHOUSE<\/a><\/h3><div class=\"links_wrapper\"><a href=\"#\" class=\"button the-icon portfolio_prev_js\"><span class=\"button_icon\"><i class=\"icon-up-open\"><\/i><\/span><\/a><a href=\"#\" class=\"button the-icon portfolio_next_js\"><span class=\"button_icon\"><i class=\"icon-down-open\"><\/i><\/span><\/a><a href=\"https:\/\/kuboarquitectosestudio.es\/en\/proyecto\/oman-majaw-warehouse\/\" class=\"button button_theme has-icon\"><span class=\"button_icon\"><i class=\"icon-link\"><\/i><\/span><span class=\"button_label\">Leer m\u00e1s<\/span><\/a><\/div><\/div><div class=\"image_frame scale-with-grid\"><div class=\"image_wrapper\"><a href=\"https:\/\/kuboarquitectosestudio.es\/en\/proyecto\/oman-majaw-warehouse\/\"><div class=\"mask\"><\/div><img decoding=\"async\" width=\"960\" height=\"720\" src=\"https:\/\/kuboarquitectosestudio.es\/wp-content\/uploads\/2022\/02\/OMAN-02-960x720.jpg\" class=\"scale-with-grid wp-post-image\" alt=\"OMAN\" \/><\/a><div class=\"image_links double\"><a href=\"https:\/\/kuboarquitectosestudio.es\/wp-content\/uploads\/2022\/02\/OMAN-02-1024x575.jpg\" class=\"zoom\" rel=\"prettyphoto\"><i class=\"icon-search\"><\/i><\/a><a href=\"https:\/\/kuboarquitectosestudio.es\/en\/proyecto\/oman-majaw-warehouse\/\" class=\"link\"><i class=\"icon-link\"><\/i><\/a><\/div><\/div><\/div><div class=\"desc\"><div class=\"title_wrapper\"><h5 class=\"entry-title\" itemprop=\"headline\"><a class=\"link\" href=\"https:\/\/kuboarquitectosestudio.es\/en\/proyecto\/oman-majaw-warehouse\/\">OM\u00c1N &#8211; MAJAW WAREHOUSE<\/a><\/h5><div class=\"button-love\"><\/div><\/div><div class=\"details-wrapper\"><dl><\/dl><\/div><div class=\"desc-wrapper\">om\u00e1n &#8211; majaw warehouse Location: Puerto de Salalah (Om\u00e1n)Project Date: &#8211;Surface: 720,00 m2 (591,05 m2 + 128,95 m2) Status: CompletadoTypology: Industrial-Productive (Majaw Warehouse) Budget: 44.000.000 KUBO<span class=\"excerpt-hellip\"> [\u2026]<\/span><\/div><\/div><\/div><\/li><\/ul><\/div>\n<\/div>\n\t\t\t\t<\/div>\n\t\t\t\t<\/div>\n\t\t\t\t\t<\/div>\n\t\t<\/div>\n\t\t\t\t\t<\/div>\n\t\t<\/section>\n\t\t\t\t<\/div>\n\t\t","protected":false},"excerpt":{"rendered":"<p>Projects COLOMBIA &#8211; CASA MANUELITA S\u00c1ENZ Leer m\u00e1s COLOMBIA &#8211; CASA MANUELITA S\u00c1ENZ COLOMBIA \u2013 CASA MANUELITA S\u00c1ENZ Ubicaci\u00f3n: Bogot\u00e1 (Colombia)Fecha Proyecto: &#8211;Superficie:\u00a0 809,16 m2 Estado:<span class=\"excerpt-hellip\"> [\u2026]<\/span><\/p>\n","protected":false},"author":1,"featured_media":0,"parent":0,"menu_order":0,"comment_status":"closed","ping_status":"closed","template":"","meta":{"_joinchat":[],"footnotes":""},"class_list":["post-4309","page","type-page","status-publish","hentry"],"yoast_head":"<!-- This site is optimized with the Yoast SEO plugin v27.0 - https:\/\/yoast.com\/product\/yoast-seo-wordpress\/ -->\n<title>Proyectos Internacionales - Estudio de Arquitectos KUBO<\/title>\n<meta name=\"robots\" content=\"index, follow, max-snippet:-1, max-image-preview:large, max-video-preview:-1\" \/>\n<link rel=\"canonical\" href=\"https:\/\/kuboarquitectosestudio.es\/en\/proyectos-internacionales\/\" \/>\n<meta property=\"og:locale\" content=\"en_US\" \/>\n<meta property=\"og:type\" content=\"article\" \/>\n<meta property=\"og:title\" content=\"Proyectos Internacionales - Estudio de Arquitectos KUBO\" \/>\n<meta property=\"og:description\" content=\"Projects COLOMBIA &#8211; CASA MANUELITA S\u00c1ENZ Leer m\u00e1s COLOMBIA &#8211; CASA MANUELITA S\u00c1ENZ COLOMBIA \u2013 CASA MANUELITA S\u00c1ENZ Ubicaci\u00f3n: Bogot\u00e1 (Colombia)Fecha Proyecto: &#8211;Superficie:\u00a0 809,16 m2 Estado: [\u2026]\" \/>\n<meta property=\"og:url\" content=\"https:\/\/kuboarquitectosestudio.es\/en\/proyectos-internacionales\/\" \/>\n<meta property=\"og:site_name\" content=\"Estudio de Arquitectos KUBO\" \/>\n<meta property=\"article:modified_time\" content=\"2022-03-09T09:33:40+00:00\" \/>\n<meta property=\"og:image\" content=\"https:\/\/kuboarquitectosestudio.es\/wp-content\/uploads\/2022\/02\/MANUELITA-SAENZ-01-960x720.jpg\" \/>\n<meta name=\"twitter:card\" content=\"summary_large_image\" \/>\n<script type=\"application\/ld+json\" class=\"yoast-schema-graph\">{\"@context\":\"https:\/\/schema.org\",\"@graph\":[{\"@type\":\"WebPage\",\"@id\":\"https:\/\/kuboarquitectosestudio.es\/en\/proyectos-internacionales\/\",\"url\":\"https:\/\/kuboarquitectosestudio.es\/en\/proyectos-internacionales\/\",\"name\":\"Proyectos Internacionales - Estudio de Arquitectos KUBO\",\"isPartOf\":{\"@id\":\"https:\/\/kuboarquitectosestudio.es\/#website\"},\"primaryImageOfPage\":{\"@id\":\"https:\/\/kuboarquitectosestudio.es\/en\/proyectos-internacionales\/#primaryimage\"},\"image\":{\"@id\":\"https:\/\/kuboarquitectosestudio.es\/en\/proyectos-internacionales\/#primaryimage\"},\"thumbnailUrl\":\"https:\/\/kuboarquitectosestudio.es\/wp-content\/uploads\/2022\/02\/MANUELITA-SAENZ-01-960x720.jpg\",\"datePublished\":\"2022-02-11T09:36:32+00:00\",\"dateModified\":\"2022-03-09T09:33:40+00:00\",\"breadcrumb\":{\"@id\":\"https:\/\/kuboarquitectosestudio.es\/en\/proyectos-internacionales\/#breadcrumb\"},\"inLanguage\":\"en-US\",\"potentialAction\":[{\"@type\":\"ReadAction\",\"target\":[\"https:\/\/kuboarquitectosestudio.es\/en\/proyectos-internacionales\/\"]}]},{\"@type\":\"ImageObject\",\"inLanguage\":\"en-US\",\"@id\":\"https:\/\/kuboarquitectosestudio.es\/en\/proyectos-internacionales\/#primaryimage\",\"url\":\"https:\/\/kuboarquitectosestudio.es\/wp-content\/uploads\/2022\/02\/MANUELITA-SAENZ-01-960x720.jpg\",\"contentUrl\":\"https:\/\/kuboarquitectosestudio.es\/wp-content\/uploads\/2022\/02\/MANUELITA-SAENZ-01-960x720.jpg\"},{\"@type\":\"BreadcrumbList\",\"@id\":\"https:\/\/kuboarquitectosestudio.es\/en\/proyectos-internacionales\/#breadcrumb\",\"itemListElement\":[{\"@type\":\"ListItem\",\"position\":1,\"name\":\"Portada\",\"item\":\"https:\/\/kuboarquitectosestudio.es\/en\/\"},{\"@type\":\"ListItem\",\"position\":2,\"name\":\"Proyectos Internacionales\"}]},{\"@type\":\"WebSite\",\"@id\":\"https:\/\/kuboarquitectosestudio.es\/#website\",\"url\":\"https:\/\/kuboarquitectosestudio.es\/\",\"name\":\"Estudio de Arquitectos KUBO\",\"description\":\"Dise\u00f1a tu Proyecto de Vivienda\",\"publisher\":{\"@id\":\"https:\/\/kuboarquitectosestudio.es\/#organization\"},\"potentialAction\":[{\"@type\":\"SearchAction\",\"target\":{\"@type\":\"EntryPoint\",\"urlTemplate\":\"https:\/\/kuboarquitectosestudio.es\/?s={search_term_string}\"},\"query-input\":{\"@type\":\"PropertyValueSpecification\",\"valueRequired\":true,\"valueName\":\"search_term_string\"}}],\"inLanguage\":\"en-US\"},{\"@type\":\"Organization\",\"@id\":\"https:\/\/kuboarquitectosestudio.es\/#organization\",\"name\":\"Estudio de Arquitectos KUBO\",\"url\":\"https:\/\/kuboarquitectosestudio.es\/\",\"logo\":{\"@type\":\"ImageObject\",\"inLanguage\":\"en-US\",\"@id\":\"https:\/\/kuboarquitectosestudio.es\/#\/schema\/logo\/image\/\",\"url\":\"https:\/\/kuboarquitectosestudio.es\/wp-content\/uploads\/2025\/03\/cropped-cropped-LOGO-KUBO-1.jpg\",\"contentUrl\":\"https:\/\/kuboarquitectosestudio.es\/wp-content\/uploads\/2025\/03\/cropped-cropped-LOGO-KUBO-1.jpg\",\"width\":2261,\"height\":881,\"caption\":\"Estudio de Arquitectos KUBO\"},\"image\":{\"@id\":\"https:\/\/kuboarquitectosestudio.es\/#\/schema\/logo\/image\/\"}}]}<\/script>\n<!-- \/ Yoast SEO plugin. -->","yoast_head_json":{"title":"Proyectos Internacionales - Estudio de Arquitectos KUBO","robots":{"index":"index","follow":"follow","max-snippet":"max-snippet:-1","max-image-preview":"max-image-preview:large","max-video-preview":"max-video-preview:-1"},"canonical":"https:\/\/kuboarquitectosestudio.es\/en\/proyectos-internacionales\/","og_locale":"en_US","og_type":"article","og_title":"Proyectos Internacionales - Estudio de Arquitectos KUBO","og_description":"Projects COLOMBIA &#8211; CASA MANUELITA S\u00c1ENZ Leer m\u00e1s COLOMBIA &#8211; CASA MANUELITA S\u00c1ENZ COLOMBIA \u2013 CASA MANUELITA S\u00c1ENZ Ubicaci\u00f3n: Bogot\u00e1 (Colombia)Fecha Proyecto: &#8211;Superficie:\u00a0 809,16 m2 Estado: [\u2026]","og_url":"https:\/\/kuboarquitectosestudio.es\/en\/proyectos-internacionales\/","og_site_name":"Estudio de Arquitectos KUBO","article_modified_time":"2022-03-09T09:33:40+00:00","og_image":[{"url":"https:\/\/kuboarquitectosestudio.es\/wp-content\/uploads\/2022\/02\/MANUELITA-SAENZ-01-960x720.jpg","type":"","width":"","height":""}],"twitter_card":"summary_large_image","schema":{"@context":"https:\/\/schema.org","@graph":[{"@type":"WebPage","@id":"https:\/\/kuboarquitectosestudio.es\/en\/proyectos-internacionales\/","url":"https:\/\/kuboarquitectosestudio.es\/en\/proyectos-internacionales\/","name":"Proyectos Internacionales - Estudio de Arquitectos KUBO","isPartOf":{"@id":"https:\/\/kuboarquitectosestudio.es\/#website"},"primaryImageOfPage":{"@id":"https:\/\/kuboarquitectosestudio.es\/en\/proyectos-internacionales\/#primaryimage"},"image":{"@id":"https:\/\/kuboarquitectosestudio.es\/en\/proyectos-internacionales\/#primaryimage"},"thumbnailUrl":"https:\/\/kuboarquitectosestudio.es\/wp-content\/uploads\/2022\/02\/MANUELITA-SAENZ-01-960x720.jpg","datePublished":"2022-02-11T09:36:32+00:00","dateModified":"2022-03-09T09:33:40+00:00","breadcrumb":{"@id":"https:\/\/kuboarquitectosestudio.es\/en\/proyectos-internacionales\/#breadcrumb"},"inLanguage":"en-US","potentialAction":[{"@type":"ReadAction","target":["https:\/\/kuboarquitectosestudio.es\/en\/proyectos-internacionales\/"]}]},{"@type":"ImageObject","inLanguage":"en-US","@id":"https:\/\/kuboarquitectosestudio.es\/en\/proyectos-internacionales\/#primaryimage","url":"https:\/\/kuboarquitectosestudio.es\/wp-content\/uploads\/2022\/02\/MANUELITA-SAENZ-01-960x720.jpg","contentUrl":"https:\/\/kuboarquitectosestudio.es\/wp-content\/uploads\/2022\/02\/MANUELITA-SAENZ-01-960x720.jpg"},{"@type":"BreadcrumbList","@id":"https:\/\/kuboarquitectosestudio.es\/en\/proyectos-internacionales\/#breadcrumb","itemListElement":[{"@type":"ListItem","position":1,"name":"Portada","item":"https:\/\/kuboarquitectosestudio.es\/en\/"},{"@type":"ListItem","position":2,"name":"Proyectos Internacionales"}]},{"@type":"WebSite","@id":"https:\/\/kuboarquitectosestudio.es\/#website","url":"https:\/\/kuboarquitectosestudio.es\/","name":"Estudio de Arquitectos KUBO","description":"Dise\u00f1a tu Proyecto de Vivienda","publisher":{"@id":"https:\/\/kuboarquitectosestudio.es\/#organization"},"potentialAction":[{"@type":"SearchAction","target":{"@type":"EntryPoint","urlTemplate":"https:\/\/kuboarquitectosestudio.es\/?s={search_term_string}"},"query-input":{"@type":"PropertyValueSpecification","valueRequired":true,"valueName":"search_term_string"}}],"inLanguage":"en-US"},{"@type":"Organization","@id":"https:\/\/kuboarquitectosestudio.es\/#organization","name":"Estudio de Arquitectos KUBO","url":"https:\/\/kuboarquitectosestudio.es\/","logo":{"@type":"ImageObject","inLanguage":"en-US","@id":"https:\/\/kuboarquitectosestudio.es\/#\/schema\/logo\/image\/","url":"https:\/\/kuboarquitectosestudio.es\/wp-content\/uploads\/2025\/03\/cropped-cropped-LOGO-KUBO-1.jpg","contentUrl":"https:\/\/kuboarquitectosestudio.es\/wp-content\/uploads\/2025\/03\/cropped-cropped-LOGO-KUBO-1.jpg","width":2261,"height":881,"caption":"Estudio de Arquitectos KUBO"},"image":{"@id":"https:\/\/kuboarquitectosestudio.es\/#\/schema\/logo\/image\/"}}]}},"_links":{"self":[{"href":"https:\/\/kuboarquitectosestudio.es\/en\/wp-json\/wp\/v2\/pages\/4309","targetHints":{"allow":["GET"]}}],"collection":[{"href":"https:\/\/kuboarquitectosestudio.es\/en\/wp-json\/wp\/v2\/pages"}],"about":[{"href":"https:\/\/kuboarquitectosestudio.es\/en\/wp-json\/wp\/v2\/types\/page"}],"author":[{"embeddable":true,"href":"https:\/\/kuboarquitectosestudio.es\/en\/wp-json\/wp\/v2\/users\/1"}],"replies":[{"embeddable":true,"href":"https:\/\/kuboarquitectosestudio.es\/en\/wp-json\/wp\/v2\/comments?post=4309"}],"version-history":[{"count":1,"href":"https:\/\/kuboarquitectosestudio.es\/en\/wp-json\/wp\/v2\/pages\/4309\/revisions"}],"predecessor-version":[{"id":4310,"href":"https:\/\/kuboarquitectosestudio.es\/en\/wp-json\/wp\/v2\/pages\/4309\/revisions\/4310"}],"wp:attachment":[{"href":"https:\/\/kuboarquitectosestudio.es\/en\/wp-json\/wp\/v2\/media?parent=4309"}],"curies":[{"name":"wp","href":"https:\/\/api.w.org\/{rel}","templated":true}]}}